{"id":11511,"date":"2023-03-02T17:28:14","date_gmt":"2023-03-02T23:28:14","guid":{"rendered":"https:\/\/www.valledecastano.edu.mx\/?page_id=11511"},"modified":"2024-04-24T17:37:53","modified_gmt":"2024-04-24T23:37:53","slug":"licenciatura-en-derecho","status":"publish","type":"page","link":"https:\/\/www.valledecastano.edu.mx\/wp\/licenciatura-en-derecho\/","title":{"rendered":"LICENCIATURA EN DERECHO"},"content":{"rendered":"<div class=\"wpb-content-wrapper\"><p>[vc_row][vc_column][vc_single_image image=&#8221;11504&#8243; img_size=&#8221;full&#8221; alignment=&#8221;center&#8221;]<div class=\"ult-animation  ult-animate-viewport  ult-no-mobile \" data-animate=\"bounceInDown\" data-animation-delay=\"0.5\" data-animation-duration=\"1\" data-animation-iteration=\"1\" style=\"opacity:0;\" data-opacity_start_effect=\"\"><div class='dt-sc-icon-heading aligncenter '><div class=\"icon-wrapper\"><span><img loading=\"lazy\" decoding=\"async\" width=\"202\" height=\"202\" src=\"https:\/\/www.valledecastano.edu.mx\/wp\/wp-content\/uploads\/2023\/02\/ico01-hover.png\" class=\"attachment-full\" alt=\"\" title=\"ico01-hover\" srcset=\"https:\/\/www.valledecastano.edu.mx\/wp\/wp-content\/uploads\/2023\/02\/ico01-hover.png 202w, https:\/\/www.valledecastano.edu.mx\/wp\/wp-content\/uploads\/2023\/02\/ico01-hover-150x150.png 150w\" sizes=\"auto, (max-width: 202px) 100vw, 202px\" \/><\/span><\/div><div class=\"icon-content\"><h2>INGEN\u00cdERIA <strong> INDUSTRIAL Y DE SISTEMAS<\/strong><\/h2><\/div><\/div><\/div><div class=\"ult-spacer spacer-6a0464cf05e6b\" data-id=\"6a0464cf05e6b\" data-height=\"50\" data-height-mobile=\"30\" data-height-tab=\"40\" data-height-tab-portrait=\"40\" data-height-mobile-landscape=\"30\" style=\"clear:both;display:block;\"><\/div>[\/vc_column][\/vc_row][vc_row full_width=&#8221;stretch_row&#8221; parallax=&#8221;content-moving&#8221; parallax_image=&#8221;11412&#8243; css_animation=&#8221;fadeInUp&#8221; css=&#8221;.vc_custom_1677521962864{margin-bottom: 10% !important;padding-top: 72px !important;padding-bottom: 40px !important;}&#8221; el_class=&#8221;dt-sc-dark-bg aligncenter0 dt-sc-skin-color&#8221;][vc_column]<div class=\"ult-animation  ult-animate-viewport  ult-no-mobile \" data-animate=\"fadeInDown\" data-animation-delay=\"1\" data-animation-duration=\"1\" data-animation-iteration=\"1\" style=\"opacity:0;\" data-opacity_start_effect=\"\">[vc_custom_heading text=&#8221;PERFIL DEL EGRESADO&#8221; font_container=&#8221;tag:h2|font_size:40|text_align:left&#8221; use_theme_fonts=&#8221;yes&#8221;][vc_column_text]<\/p>\n<div class=\"descripcion-perfil-egresado\">\n<p class=\"texto-perfil-egresado\">El egresado de la Licenciatura en Derecho, contar\u00e1 con conocimientos, habilidades, aptitudes, competencias y valores que le permitir\u00e1n de\ufb01nir e interpretar los conceptos jur\u00eddicos necesarios para la elaboraci\u00f3n, evaluaci\u00f3n y gesti\u00f3n de acciones legales, tener dominio sobre sistemas jur\u00eddicos e impartici\u00f3n de justicia.<\/p>\n<ul class=\"ul-perfil-egresado\">\n<li class=\"texto-perfil-egresado\">Conocer\u00e1 el marco jur\u00eddico y realizar\u00e1 labores de consultor\u00eda.<\/li>\n<li class=\"texto-perfil-egresado\">Al terminar sus estudios los egresados ser\u00e1n capaces de ejercer su labor con profesionalismo, \u00e9tica y responsabilidad.<\/li>\n<li class=\"texto-perfil-egresado\">Aplicar\u00e1 la teor\u00eda del Derecho y las bases jur\u00eddicas que la sustentan, as\u00ed como elaborar e interpretar demandas y entablar juicios laborales, penales y civiles.<\/li>\n<li class=\"texto-perfil-egresado\">El Licenciado en Derecho, es un profesional que desarrolla y aplica con sentido \u00e9tico sus conocimientos en la prevenci\u00f3n, an\u00e1lisis y soluci\u00f3n de problemas jurdicos de las organizaciones, en bene\ufb01cio de la sociedad.<\/li>\n<\/ul>\n<\/div>\n<p>[\/vc_column_text]<\/div>[\/vc_column][\/vc_row][vc_row][vc_column][vc_custom_heading text=&#8221;PLAN DE ESTUDIOS&#8221; font_container=&#8221;tag:h2|font_size:40|text_align:left&#8221; use_theme_fonts=&#8221;yes&#8221;][\/vc_column][\/vc_row][vc_row][vc_column width=&#8221;1\/3&#8243;]<div class=\"aio-icon-component    style_2\"><div id=\"Info-box-wrap-4963\" class=\"aio-icon-box default-icon\" style=\"\"  ><div class=\"aio-icon-default\"><div class=\"ult-just-icon-wrapper  \"><div class=\"align-icon\" style=\"text-align:center;\">\n<div class=\"aio-icon-img \" style=\"font-size:48px;display:inline-block;\" data-animation=\"fadeInUp\" data-animation-delay=\"03\">\n\t<img decoding=\"async\" class=\"img-icon\" alt=\"null\" src=\"https:\/\/www.valledecastano.edu.mx\/wp\/wp-content\/uploads\/2023\/02\/ico01-hover.png\"\/>\n<\/div><\/div><\/div><\/div><div class=\"aio-icon-header\" ><h3 class=\"aio-icon-title ult-responsive\"  data-ultimate-target='#Info-box-wrap-4963 .aio-icon-title'  data-responsive-json-new='{\"font-size\":\"\",\"line-height\":\"\"}'  style=\"font-weight:bold;color:#6b28ba;\">PRIMER TETRAMESTRE<\/h3><\/div> <!-- header --><\/div> <!-- aio-icon-box --><\/div> <!-- aio-icon-component -->[vc_column_text]<\/p>\n<ul>\n<li><span style=\"color: #000000;\">SOCIOLOG\u00cdA JUR\u00cdDICA<\/span><\/li>\n<li><span style=\"color: #000000;\">TEOR\u00cdA DEL ESTADO<\/span><\/li>\n<li><span style=\"color: #000000;\">METODOLOG\u00cdA DE LA INVESTIGACI\u00d3N<\/span><\/li>\n<li><span style=\"color: #000000;\">FUNDAMENTOS DEL DERECHO<\/span><\/li>\n<li><span style=\"color: #000000;\">HISTORIA DEL DERECHO<\/span><\/li>\n<li><span style=\"color: #000000;\">DERECHO ROMANO I<\/span><\/li>\n<li><span style=\"color: #000000;\">INGL\u00c9S I<\/span><\/li>\n<\/ul>\n<p>[\/vc_column_text][\/vc_column][vc_column width=&#8221;1\/3&#8243;]<div class=\"aio-icon-component    style_2\"><div id=\"Info-box-wrap-7207\" class=\"aio-icon-box default-icon\" style=\"\"  ><div class=\"aio-icon-default\"><div class=\"ult-just-icon-wrapper  \"><div class=\"align-icon\" style=\"text-align:center;\">\n<div class=\"aio-icon-img \" style=\"font-size:48px;display:inline-block;\" data-animation=\"fadeInUp\" data-animation-delay=\"03\">\n\t<img decoding=\"async\" class=\"img-icon\" alt=\"null\" src=\"https:\/\/www.valledecastano.edu.mx\/wp\/wp-content\/uploads\/2023\/02\/ico01-hover.png\"\/>\n<\/div><\/div><\/div><\/div><div class=\"aio-icon-header\" ><h3 class=\"aio-icon-title ult-responsive\"  data-ultimate-target='#Info-box-wrap-7207 .aio-icon-title'  data-responsive-json-new='{\"font-size\":\"\",\"line-height\":\"\"}'  style=\"font-weight:bold;color:#6b28ba;\">SEGUNDO TETRAMESTRE<\/h3><\/div> <!-- header --><\/div> <!-- aio-icon-box --><\/div> <!-- aio-icon-component -->[vc_column_text]<\/p>\n<ul>\n<li><span style=\"color: #000000;\">METODOLOGIA JUR\u00cdDICA<\/span><\/li>\n<li><span style=\"color: #000000;\">TEOR\u00cdA DE LA COMUNICACI\u00d3N<\/span><\/li>\n<li><span style=\"color: #000000;\">TEOR\u00cdA DEL DERECHO<\/span><\/li>\n<li><span style=\"color: #000000;\">ACTO JUR\u00cdDICO Y PERSONAL<\/span><\/li>\n<li><span style=\"color: #000000;\">DERECHO ROMANO II<\/span><\/li>\n<li><span style=\"color: #000000;\">TEORIA DE LA CONSTITUCI\u00d3N<\/span><\/li>\n<li><span style=\"color: #000000;\">INGL\u00c9S II<\/span><\/li>\n<li><\/li>\n<\/ul>\n<p>[\/vc_column_text][\/vc_column][vc_column width=&#8221;1\/3&#8243;]<div class=\"aio-icon-component    style_2\"><div id=\"Info-box-wrap-6261\" class=\"aio-icon-box default-icon\" style=\"\"  ><div class=\"aio-icon-default\"><div class=\"ult-just-icon-wrapper  \"><div class=\"align-icon\" style=\"text-align:center;\">\n<div class=\"aio-icon-img \" style=\"font-size:48px;display:inline-block;\" data-animation=\"fadeInUp\" data-animation-delay=\"03\">\n\t<img decoding=\"async\" class=\"img-icon\" alt=\"null\" src=\"https:\/\/www.valledecastano.edu.mx\/wp\/wp-content\/uploads\/2023\/02\/ico01-hover.png\"\/>\n<\/div><\/div><\/div><\/div><div class=\"aio-icon-header\" ><h3 class=\"aio-icon-title ult-responsive\"  data-ultimate-target='#Info-box-wrap-6261 .aio-icon-title'  data-responsive-json-new='{\"font-size\":\"\",\"line-height\":\"\"}'  style=\"font-weight:bold;color:#6b28ba;\">TERCER TETRAMESTRE<\/h3><\/div> <!-- header --><\/div> <!-- aio-icon-box --><\/div> <!-- aio-icon-component -->[vc_column_text]<\/p>\n<ul>\n<li><span style=\"color: #000000;\">DERECHO CONSTITUCIONAL I<\/span><\/li>\n<li><span style=\"color: #000000;\">TEOR\u00cdA DE LA COMUNICACI\u00d3N ORAL Y ESCRITA<\/span><\/li>\n<li><span style=\"color: #000000;\">TEOR\u00cdA DE LA LEY PENAL<\/span><\/li>\n<li><span style=\"color: #000000;\">TEORIA DEL PROCESO<\/span><\/li>\n<li><span style=\"color: #000000;\">DERECHO ADMINISTRATIVO I<\/span><\/li>\n<li><span style=\"color: #000000;\">BIENES Y DERECHOS REALES<\/span><\/li>\n<li><span style=\"color: #000000;\">INGL\u00c9S III<\/span><\/li>\n<\/ul>\n<p>[\/vc_column_text][\/vc_column][\/vc_row][vc_row][vc_column width=&#8221;1\/3&#8243;]<div class=\"aio-icon-component    style_2\"><div id=\"Info-box-wrap-3580\" class=\"aio-icon-box default-icon\" style=\"\"  ><div class=\"aio-icon-default\"><div class=\"ult-just-icon-wrapper  \"><div class=\"align-icon\" style=\"text-align:center;\">\n<div class=\"aio-icon-img \" style=\"font-size:48px;display:inline-block;\" data-animation=\"fadeInUp\" data-animation-delay=\"03\">\n\t<img decoding=\"async\" class=\"img-icon\" alt=\"null\" src=\"https:\/\/www.valledecastano.edu.mx\/wp\/wp-content\/uploads\/2023\/02\/ico01-hover.png\"\/>\n<\/div><\/div><\/div><\/div><div class=\"aio-icon-header\" ><h3 class=\"aio-icon-title ult-responsive\"  data-ultimate-target='#Info-box-wrap-3580 .aio-icon-title'  data-responsive-json-new='{\"font-size\":\"\",\"line-height\":\"\"}'  style=\"font-weight:bold;color:#6b28ba;\">CUARTO TETRAMESTRE<\/h3><\/div> <!-- header --><\/div> <!-- aio-icon-box --><\/div> <!-- aio-icon-component -->[vc_column_text]<\/p>\n<ul>\n<li><span style=\"color: #000000;\">DERECHO MERCANTIL<\/span><\/li>\n<li><span style=\"color: #000000;\">DERECHO CONSTITUCIONAL II<\/span><\/li>\n<li><span style=\"color: #000000;\">OBLIGACIONES<\/span><\/li>\n<li><span style=\"color: #000000;\">DERECHO ADMINISTRATIVO II<\/span><\/li>\n<li><span style=\"color: #000000;\">INFORM\u00c1TICA<\/span><\/li>\n<li><span style=\"color: #000000;\">SISTEMAS JUR\u00cdDICOS<\/span><\/li>\n<li><span style=\"color: #000000;\">INGL\u00c9S IV<\/span><\/li>\n<\/ul>\n<p>[\/vc_column_text][\/vc_column][vc_column width=&#8221;1\/3&#8243;]<div class=\"aio-icon-component    style_2\"><div id=\"Info-box-wrap-7485\" class=\"aio-icon-box default-icon\" style=\"\"  ><div class=\"aio-icon-default\"><div class=\"ult-just-icon-wrapper  \"><div class=\"align-icon\" style=\"text-align:center;\">\n<div class=\"aio-icon-img \" style=\"font-size:48px;display:inline-block;\" data-animation=\"fadeInUp\" data-animation-delay=\"03\">\n\t<img decoding=\"async\" class=\"img-icon\" alt=\"null\" src=\"https:\/\/www.valledecastano.edu.mx\/wp\/wp-content\/uploads\/2023\/02\/ico01-hover.png\"\/>\n<\/div><\/div><\/div><\/div><div class=\"aio-icon-header\" ><h3 class=\"aio-icon-title ult-responsive\"  data-ultimate-target='#Info-box-wrap-7485 .aio-icon-title'  data-responsive-json-new='{\"font-size\":\"\",\"line-height\":\"\"}'  style=\"font-weight:bold;color:#6b28ba;\">QUINTO TETRAMESTRE<\/h3><\/div> <!-- header --><\/div> <!-- aio-icon-box --><\/div> <!-- aio-icon-component -->[vc_column_text]<\/p>\n<ul>\n<li><span style=\"color: #000000;\">GARANTIAS CONSTITUCIONALES<\/span><\/li>\n<li><span style=\"color: #000000;\">TITULOS Y OPERACIONES DE CREDITO<\/span><\/li>\n<li><span style=\"color: #000000;\">CONTRATOS CIVILES<\/span><\/li>\n<li><span style=\"color: #000000;\">DERECHO LABORAL<\/span><\/li>\n<li><span style=\"color: #000000;\">DERECHO INTERNACIONAL PUBLICO<\/span><\/li>\n<li><span style=\"color: #000000;\">DERECHO PROCESAL CIVIL<\/span><\/li>\n<li><span style=\"color: #000000;\">INGLES V<\/span><\/li>\n<\/ul>\n<p>[\/vc_column_text][\/vc_column][vc_column width=&#8221;1\/3&#8243;]<div class=\"aio-icon-component    style_2\"><div id=\"Info-box-wrap-4851\" class=\"aio-icon-box default-icon\" style=\"\"  ><div class=\"aio-icon-default\"><div class=\"ult-just-icon-wrapper  \"><div class=\"align-icon\" style=\"text-align:center;\">\n<div class=\"aio-icon-img \" style=\"font-size:48px;display:inline-block;\" data-animation=\"fadeInUp\" data-animation-delay=\"03\">\n\t<img decoding=\"async\" class=\"img-icon\" alt=\"null\" src=\"https:\/\/www.valledecastano.edu.mx\/wp\/wp-content\/uploads\/2023\/02\/ico01-hover.png\"\/>\n<\/div><\/div><\/div><\/div><div class=\"aio-icon-header\" ><h3 class=\"aio-icon-title ult-responsive\"  data-ultimate-target='#Info-box-wrap-4851 .aio-icon-title'  data-responsive-json-new='{\"font-size\":\"\",\"line-height\":\"\"}'  style=\"font-weight:bold;color:#6b28ba;\">SEXTO TETRAMESTRE<\/h3><\/div> <!-- header --><\/div> <!-- aio-icon-box --><\/div> <!-- aio-icon-component -->[vc_column_text]<\/p>\n<ul>\n<li><span style=\"color: #000000;\">DERECHO PROCESAL PENAL<\/span><\/li>\n<li><span style=\"color: #000000;\">ESTADO Y SOCIEDAD<\/span><\/li>\n<li><span style=\"color: #000000;\">FAMILIA Y SUCESIONES<\/span><\/li>\n<li><span style=\"color: #000000;\">DERECHO BANCARIO Y BURSATIL<\/span><\/li>\n<li><span style=\"color: #000000;\">DERECHO AGRARIO<\/span><\/li>\n<li><span style=\"color: #000000;\">LEGISLACI\u00d3N FISCAL I<\/span><\/li>\n<li><span style=\"color: #000000;\">DERECHO COMERCIAL INTERNACIONAL<\/span><\/li>\n<\/ul>\n<p>[\/vc_column_text][\/vc_column][\/vc_row][vc_row][vc_column width=&#8221;1\/3&#8243;]<div class=\"aio-icon-component    style_2\"><div id=\"Info-box-wrap-7285\" class=\"aio-icon-box default-icon\" style=\"\"  ><div class=\"aio-icon-default\"><div class=\"ult-just-icon-wrapper  \"><div class=\"align-icon\" style=\"text-align:center;\">\n<div class=\"aio-icon-img \" style=\"font-size:48px;display:inline-block;\" data-animation=\"fadeInUp\" data-animation-delay=\"03\">\n\t<img decoding=\"async\" class=\"img-icon\" alt=\"null\" src=\"https:\/\/www.valledecastano.edu.mx\/wp\/wp-content\/uploads\/2023\/02\/ico01-hover.png\"\/>\n<\/div><\/div><\/div><\/div><div class=\"aio-icon-header\" ><h3 class=\"aio-icon-title ult-responsive\"  data-ultimate-target='#Info-box-wrap-7285 .aio-icon-title'  data-responsive-json-new='{\"font-size\":\"\",\"line-height\":\"\"}'  style=\"font-weight:bold;color:#6b28ba;\">S\u00c9PTIMO TETRAMESTRE<\/h3><\/div> <!-- header --><\/div> <!-- aio-icon-box --><\/div> <!-- aio-icon-component -->[vc_column_text]<\/p>\n<ul>\n<li><span style=\"color: #000000;\">SOCIEDAD DEL TERCER MILENIO<\/span><\/li>\n<li><span style=\"color: #000000;\">LEGISLACI\u00d3N FISCAL II<\/span><\/li>\n<li><span style=\"color: #000000;\">DERECHO INTERNACIONAL<\/span><\/li>\n<li><span style=\"color: #000000;\">PRIVADO I<\/span><\/li>\n<li><span style=\"color: #000000;\">DERECHO ECON\u00d3MICO<\/span><\/li>\n<li><span style=\"color: #000000;\">DERECHO LABORAL INTERNACIONAL<\/span><\/li>\n<li><span style=\"color: #000000;\">AMPARO<\/span><\/li>\n<li><span style=\"color: #000000;\">DERECHO AMBIENTAL<\/span><\/li>\n<\/ul>\n<p>[\/vc_column_text][\/vc_column][vc_column width=&#8221;1\/3&#8243;]<div class=\"aio-icon-component    style_2\"><div id=\"Info-box-wrap-1572\" class=\"aio-icon-box default-icon\" style=\"\"  ><div class=\"aio-icon-default\"><div class=\"ult-just-icon-wrapper  \"><div class=\"align-icon\" style=\"text-align:center;\">\n<div class=\"aio-icon-img \" style=\"font-size:48px;display:inline-block;\" data-animation=\"fadeInUp\" data-animation-delay=\"03\">\n\t<img decoding=\"async\" class=\"img-icon\" alt=\"null\" src=\"https:\/\/www.valledecastano.edu.mx\/wp\/wp-content\/uploads\/2023\/02\/ico01-hover.png\"\/>\n<\/div><\/div><\/div><\/div><div class=\"aio-icon-header\" ><h3 class=\"aio-icon-title ult-responsive\"  data-ultimate-target='#Info-box-wrap-1572 .aio-icon-title'  data-responsive-json-new='{\"font-size\":\"\",\"line-height\":\"\"}'  style=\"font-weight:bold;color:#6b28ba;\">OCTAVO TETRAMESTRE<\/h3><\/div> <!-- header --><\/div> <!-- aio-icon-box --><\/div> <!-- aio-icon-component -->[vc_column_text]<\/p>\n<ul>\n<li><span style=\"color: #000000;\">SEMINARIO DE INVESTIGACI\u00d3N I<\/span><\/li>\n<li><span style=\"color: #000000;\">DERECHO ELECTORAL<\/span><\/li>\n<li><span style=\"color: #000000;\">TOPICOS DE DERECHO MERCANTIL<\/span><\/li>\n<li><span style=\"color: #000000;\">DERECHO INTERNACIONAL PRIVADO II<\/span><\/li>\n<li><span style=\"color: #000000;\">LEGISLACI\u00d3N ADUANERA<\/span><\/li>\n<li><span style=\"color: #000000;\">DERECHO COMPARADO<\/span><\/li>\n<li><span style=\"color: #000000;\">DERECHO BUROCR\u00c1TICO<\/span><\/li>\n<\/ul>\n<p>[\/vc_column_text][\/vc_column][vc_column width=&#8221;1\/3&#8243;]<div class=\"aio-icon-component    style_2\"><div id=\"Info-box-wrap-6754\" class=\"aio-icon-box default-icon\" style=\"\"  ><div class=\"aio-icon-default\"><div class=\"ult-just-icon-wrapper  \"><div class=\"align-icon\" style=\"text-align:center;\">\n<div class=\"aio-icon-img \" style=\"font-size:48px;display:inline-block;\" data-animation=\"fadeInUp\" data-animation-delay=\"03\">\n\t<img decoding=\"async\" class=\"img-icon\" alt=\"null\" src=\"https:\/\/www.valledecastano.edu.mx\/wp\/wp-content\/uploads\/2023\/02\/ico01-hover.png\"\/>\n<\/div><\/div><\/div><\/div><div class=\"aio-icon-header\" ><h3 class=\"aio-icon-title ult-responsive\"  data-ultimate-target='#Info-box-wrap-6754 .aio-icon-title'  data-responsive-json-new='{\"font-size\":\"\",\"line-height\":\"\"}'  style=\"font-weight:bold;color:#6b28ba;\">NOVENO TETRAMESTRE<\/h3><\/div> <!-- header --><\/div> <!-- aio-icon-box --><\/div> <!-- aio-icon-component -->[vc_column_text]<\/p>\n<ul>\n<li><span style=\"color: #000000;\">SEMINARIO DE INVESTIGACI\u00d3N II<\/span><\/li>\n<li><span style=\"color: #000000;\">VALORES EN LA PROFESI\u00d3N<\/span><\/li>\n<li><span style=\"color: #000000;\">FILOSOF\u00cdA DEL DERECHO<\/span><\/li>\n<li><span style=\"color: #000000;\">SEGURIDAD SOCIAL<\/span><\/li>\n<li><span style=\"color: #000000;\">PROPIEDAD INTELECTUAL<\/span><\/li>\n<li><span style=\"color: #000000;\">TEMAS SELECTOS DE LA LEGISLACI\u00d3N DE NUEVO LE\u00d3N<\/span><\/li>\n<li><span style=\"color: #000000;\">DERECHO EMPRESARIAL<\/span><\/li>\n<\/ul>\n<p>[\/vc_column_text][\/vc_column][\/vc_row][vc_row][vc_column el_class=&#8221;rs_col_no_btm_space&#8221;]<div class='dt-sc-hr-invisible-small '> <\/div>[\/vc_column][\/vc_row][vc_row full_width=&#8221;stretch_row_content_no_spaces&#8221; equal_height=&#8221;yes&#8221; content_placement=&#8221;middle&#8221; css_animation=&#8221;fadeInUp&#8221; el_class=&#8221;vcr_float_right&#8221;][vc_column width=&#8221;1\/2&#8243;]<img loading=\"lazy\" decoding=\"async\" width=\"739\" height=\"445\" src=\"https:\/\/www.valledecastano.edu.mx\/wp\/wp-content\/uploads\/2023\/02\/requisitos-1.jpg\" class=\"alignright attachment-full\" alt=\"\" title=\"requisitos\" srcset=\"https:\/\/www.valledecastano.edu.mx\/wp\/wp-content\/uploads\/2023\/02\/requisitos-1.jpg 739w, https:\/\/www.valledecastano.edu.mx\/wp\/wp-content\/uploads\/2023\/02\/requisitos-1-300x181.jpg 300w\" sizes=\"auto, (max-width: 739px) 100vw, 739px\" \/>[\/vc_column][vc_column width=&#8221;1\/2&#8243; css=&#8221;.vc_custom_1483418966721{padding-top: 30px !important;padding-right: 30px !important;padding-bottom: 30px !important;padding-left: 30px !important;background-color: rgba(0,0,0,0.03) !important;*background-color: rgb(0,0,0) !important;}&#8221; addstyles=&#8221;min-height: 445px; height: 445px;&#8221; el_class=&#8221;vc_min_height_right&#8221;]<div class='dt-sc-icon-heading alignleft  no-icon'><div class=\"icon-content\"><h2><strong>REQUISITOS<\/strong><\/h2><\/div><\/div><div class=\"ult-spacer spacer-6a0464cf066c4\" data-id=\"6a0464cf066c4\" data-height=\"50\" data-height-mobile=\"30\" data-height-tab=\"50\" data-height-tab-portrait=\"50\" data-height-mobile-landscape=\"30\" style=\"clear:both;display:block;\"><\/div>[vc_column_text css=&#8221;.vc_custom_1677267988874{margin-bottom: 0px !important;}&#8221;]\u2022 Acta de nacimiento (original y copia)<br \/>\n\u2022 Certi\ufb01cado de preparatoria (original y copia)<br \/>\n\u2022 CURP (copia)<br \/>\n\u2022 Copia de INE (si es mayor de edad, o del tutor)<br \/>\n\u2022 Copia de comprobante de domicilio<br \/>\n\u2022 8 fotograf\u00edas blanco y negro tama\u00f1o credencial en papel mate (4.5 x 3.5 cm)<br \/>\n\u2022 NOTA: No se aceptan fotograf\u00edas instant\u00e1neas.[\/vc_column_text][\/vc_column][\/vc_row]<\/p>\n<\/div>","protected":false},"excerpt":{"rendered":"<p>[vc_row][vc_column][vc_single_image image=&#8221;11504&#8243; img_size=&#8221;full&#8221; alignment=&#8221;center&#8221;][\/vc_column][\/vc_row][vc_row full_width=&#8221;stretch_row&#8221; parallax=&#8221;content-moving&#8221; parallax_image=&#8221;11412&#8243; css_animation=&#8221;fadeInUp&#8221; css=&#8221;.vc_custom_1677521962864{margin-bottom: 10% !important;padding-top: 72px !important;padding-bottom: 40px !important;}&#8221; el_class=&#8221;dt-sc-dark-bg aligncenter0 dt-sc-skin-color&#8221;][vc_column][\/vc_column][\/vc_row][vc_row][vc_column][vc_custom_heading text=&#8221;PLAN DE ESTUDIOS&#8221; font_container=&#8221;tag:h2|font_size:40|text_align:left&#8221; use_theme_fonts=&#8221;yes&#8221;][\/vc_column][\/vc_row][vc_row][vc_column width=&#8221;1\/3&#8243;][vc_column_text] SOCIOLOG\u00cdA JUR\u00cdDICA TEOR\u00cdA DEL ESTADO METODOLOG\u00cdA DE LA INVESTIGACI\u00d3N FUNDAMENTOS DEL DERECHO HISTORIA DEL DERECHO DERECHO ROMANO I INGL\u00c9S I [\/vc_column_text][\/vc_column][vc_column width=&#8221;1\/3&#8243;][vc_column_text] METODOLOGIA JUR\u00cdDICA TEOR\u00cdA DE LA COMUNICACI\u00d3N TEOR\u00cdA DEL DERECHO [&hellip;]<\/p>\n","protected":false},"author":1,"featured_media":0,"parent":0,"menu_order":0,"comment_status":"closed","ping_status":"closed","template":"","meta":{"footnotes":""},"class_list":["post-11511","page","type-page","status-publish","hentry"],"_links":{"self":[{"href":"https:\/\/www.valledecastano.edu.mx\/wp\/wp-json\/wp\/v2\/pages\/11511","targetHints":{"allow":["GET"]}}],"collection":[{"href":"https:\/\/www.valledecastano.edu.mx\/wp\/wp-json\/wp\/v2\/pages"}],"about":[{"href":"https:\/\/www.valledecastano.edu.mx\/wp\/wp-json\/wp\/v2\/types\/page"}],"author":[{"embeddable":true,"href":"https:\/\/www.valledecastano.edu.mx\/wp\/wp-json\/wp\/v2\/users\/1"}],"replies":[{"embeddable":true,"href":"https:\/\/www.valledecastano.edu.mx\/wp\/wp-json\/wp\/v2\/comments?post=11511"}],"version-history":[{"count":9,"href":"https:\/\/www.valledecastano.edu.mx\/wp\/wp-json\/wp\/v2\/pages\/11511\/revisions"}],"predecessor-version":[{"id":11823,"href":"https:\/\/www.valledecastano.edu.mx\/wp\/wp-json\/wp\/v2\/pages\/11511\/revisions\/11823"}],"wp:attachment":[{"href":"https:\/\/www.valledecastano.edu.mx\/wp\/wp-json\/wp\/v2\/media?parent=11511"}],"curies":[{"name":"wp","href":"https:\/\/api.w.org\/{rel}","templated":true}]}}