{"id":11809,"date":"2024-11-26T13:54:10","date_gmt":"2024-11-26T19:54:10","guid":{"rendered":"https:\/\/www.valledecastano.edu.mx\/?page_id=11809"},"modified":"2024-11-26T14:32:14","modified_gmt":"2024-11-26T20:32:14","slug":"maestria-en-educacion","status":"publish","type":"page","link":"https:\/\/www.valledecastano.edu.mx\/wp\/maestria-en-educacion\/","title":{"rendered":"MAESTR\u00cdA EN EDUCACI\u00d3N"},"content":{"rendered":"<div class=\"wpb-content-wrapper\"><p>[vc_row][vc_column][vc_single_image image=&#8221;11927&#8243; img_size=&#8221;full&#8221; alignment=&#8221;center&#8221; css=&#8221;&#8221;]<div class=\"ult-animation  ult-animate-viewport  ult-no-mobile \" data-animate=\"bounceInDown\" data-animation-delay=\"0.5\" data-animation-duration=\"1\" data-animation-iteration=\"1\" style=\"opacity:0;\" data-opacity_start_effect=\"\"><div class='dt-sc-icon-heading aligncenter '><div class=\"icon-wrapper\"><span><img loading=\"lazy\" decoding=\"async\" width=\"202\" height=\"202\" src=\"https:\/\/www.valledecastano.edu.mx\/wp\/wp-content\/uploads\/2023\/02\/ico01-hover.png\" class=\"attachment-full\" alt=\"\" title=\"ico01-hover\" srcset=\"https:\/\/www.valledecastano.edu.mx\/wp\/wp-content\/uploads\/2023\/02\/ico01-hover.png 202w, https:\/\/www.valledecastano.edu.mx\/wp\/wp-content\/uploads\/2023\/02\/ico01-hover-150x150.png 150w\" sizes=\"auto, (max-width: 202px) 100vw, 202px\" \/><\/span><\/div><div class=\"icon-content\"><h2>MAESTR\u00cdA EN <strong> EDUCACI\u00d3N<\/strong><\/h2><\/div><\/div><\/div><div class=\"ult-spacer spacer-69e00c8bbc0dd\" data-id=\"69e00c8bbc0dd\" data-height=\"50\" data-height-mobile=\"30\" data-height-tab=\"40\" data-height-tab-portrait=\"40\" data-height-mobile-landscape=\"30\" style=\"clear:both;display:block;\"><\/div>[\/vc_column][\/vc_row][vc_row full_width=&#8221;stretch_row&#8221; parallax=&#8221;content-moving&#8221; parallax_image=&#8221;11412&#8243; css_animation=&#8221;fadeInUp&#8221; css=&#8221;.vc_custom_1677522027036{margin-bottom: 10% !important;padding-top: 72px !important;padding-bottom: 40px !important;}&#8221; el_class=&#8221;dt-sc-dark-bg aligncenter0 dt-sc-skin-color&#8221;][vc_column]<div class=\"ult-animation  ult-animate-viewport  ult-no-mobile \" data-animate=\"fadeInDown\" data-animation-delay=\"1\" data-animation-duration=\"1\" data-animation-iteration=\"1\" style=\"opacity:0;\" data-opacity_start_effect=\"\">[vc_custom_heading text=&#8221;PERFIL DEL EGRESADO&#8221; font_container=&#8221;tag:h2|font_size:40|text_align:left&#8221; use_theme_fonts=&#8221;yes&#8221;][vc_column_text css=&#8221;&#8221;]<strong>Perfil del egresado<\/strong><\/p>\n<p>El egresado de la <strong>Maestr\u00eda en Educaci\u00f3n<\/strong> del Colegio Superior de Ciencias Valle de Casta\u00f1o contar\u00e1 con conocimientos, habilidades, aptitudes, competencias y valores.<\/p>\n<ul>\n<li>Estimular el esp\u00edritu cr\u00edtico y la sensibilidad social, para que ayude a la construcci\u00f3n de una sociedad justa, solidaria, democr\u00e1tica, y sustentable.<\/li>\n<li>Fortalecer su propia identidad cultural para que en forma aut\u00f3noma avance a un completo desarrollo personal y colectivo.<\/li>\n<li>Fomentar la comprensi\u00f3n de la diversidad cultural y el respeto al entorno.<\/li>\n<li>Fomentar la motivaci\u00f3n para el descubrimiento y la construcci\u00f3n del conocimiento, y el compromiso para su transferencia y apropiaci\u00f3n.<\/li>\n<li>Aplique en su entorno las habilidades y destrezas adquiridas, propias de las ciencias experimentales, las ciencias sociales, las humanidades y la inform\u00e1tica.<\/li>\n<li>Desarrolle habilidades y aptitudes que caracterizan el pensamiento racional: objetividad, capacidad cr\u00edtica y claridad expresiva.<\/li>\n<li>Adquiera las competencias y habilidades que lo orienten, preparen y estimulen para el autoaprendizaje.<\/li>\n<li>Se apropie de una cultura personal que apoye su desarrollo y fomente el gusto y la recreaci\u00f3n en las artes, los deportes.<\/li>\n<li>Pueda entenderse en un proceso de sociedad globalizadora de cambios vertiginosos y la necesidad de comunicarse eficientemente con los dem\u00e1s.<\/li>\n<li>Fomentar la construcci\u00f3n inter y transdisciplinaria, y el di\u00e1logo entre saberes.<\/li>\n<li>Desarrollar habilidades para la comunicaci\u00f3n<\/li>\n<li>Fomentar la flexibilidad curricular y la exposici\u00f3n a diversos tipos de conocimiento.<\/li>\n<li>Combinar teor\u00eda y pr\u00e1ctica local y global de las ciencias, las humanidades y la tecnolog\u00eda.<\/li>\n<li>Enriquecer la oferta educativa.<\/li>\n<li>Estimular su capacidad para el trabajo asociativo, solidario y multidisciplinario, que le permita enfrentar las exigencias de un mundo globalizado.<\/li>\n<li>Promover la formaci\u00f3n integral que equilibres conocimientos, habilidades, valores, capacidades y que proporcione una s\u00f3lida formaci\u00f3n profesional y humanista con un compromiso social.<\/li>\n<li>Motivar para el aprendizaje continuo y el desarrollo aut\u00f3nomo del estudiante.<\/li>\n<li>Incorporar experiencias de trabajo en equipo.<\/li>\n<li>Fomentar la creatividad y la destreza en la soluci\u00f3n de problemas.<\/li>\n<li>Estructurar los procesos de aprendizaje con base a los contextos hist\u00f3rico-culturales de los estudiantes.<\/li>\n<\/ul>\n<p>[\/vc_column_text]<\/div>[\/vc_column][\/vc_row][vc_row][vc_column][vc_custom_heading text=&#8221;PLAN DE ESTUDIOS&#8221; font_container=&#8221;tag:h2|font_size:40|text_align:left&#8221; use_theme_fonts=&#8221;yes&#8221;][\/vc_column][\/vc_row][vc_row][vc_column width=&#8221;1\/3&#8243;]<div class=\"aio-icon-component    style_2\"><div id=\"Info-box-wrap-4576\" class=\"aio-icon-box default-icon\" style=\"\"  ><div class=\"aio-icon-default\"><div class=\"ult-just-icon-wrapper  \"><div class=\"align-icon\" style=\"text-align:center;\">\n<div class=\"aio-icon-img \" style=\"font-size:48px;display:inline-block;\" data-animation=\"fadeInUp\" data-animation-delay=\"03\">\n\t<img decoding=\"async\" class=\"img-icon\" alt=\"null\" src=\"https:\/\/www.valledecastano.edu.mx\/wp\/wp-content\/uploads\/2023\/02\/ico01-hover.png\"\/>\n<\/div><\/div><\/div><\/div><div class=\"aio-icon-header\" ><h3 class=\"aio-icon-title ult-responsive\"  data-ultimate-target='#Info-box-wrap-4576 .aio-icon-title'  data-responsive-json-new='{\"font-size\":\"\",\"line-height\":\"\"}'  style=\"font-weight:bold;color:#6b28ba;\">PRIMER TETRAMESTRE<\/h3><\/div> <!-- header --><\/div> <!-- aio-icon-box --><\/div> <!-- aio-icon-component -->[vc_column_text css=&#8221;&#8221;]<\/p>\n<ul>\n<li>FUNDAMENTOS FILOS\u00d3FICOS Y SOCIOL\u00d3GICOS DE LA EDUCACI\u00d3N.<\/li>\n<li>PSICOLOG\u00cdA DEL APREND\u00cdZAJE.<\/li>\n<\/ul>\n<p>[\/vc_column_text][\/vc_column][vc_column width=&#8221;1\/3&#8243;]<div class=\"aio-icon-component    style_2\"><div id=\"Info-box-wrap-9091\" class=\"aio-icon-box default-icon\" style=\"\"  ><div class=\"aio-icon-default\"><div class=\"ult-just-icon-wrapper  \"><div class=\"align-icon\" style=\"text-align:center;\">\n<div class=\"aio-icon-img \" style=\"font-size:48px;display:inline-block;\" data-animation=\"fadeInUp\" data-animation-delay=\"03\">\n\t<img decoding=\"async\" class=\"img-icon\" alt=\"null\" src=\"https:\/\/www.valledecastano.edu.mx\/wp\/wp-content\/uploads\/2023\/02\/ico01-hover.png\"\/>\n<\/div><\/div><\/div><\/div><div class=\"aio-icon-header\" ><h3 class=\"aio-icon-title ult-responsive\"  data-ultimate-target='#Info-box-wrap-9091 .aio-icon-title'  data-responsive-json-new='{\"font-size\":\"\",\"line-height\":\"\"}'  style=\"font-weight:bold;color:#6b28ba;\">SEGUNDO TETRAMESTRE<\/h3><\/div> <!-- header --><\/div> <!-- aio-icon-box --><\/div> <!-- aio-icon-component -->[vc_column_text css=&#8221;&#8221;]<\/p>\n<ul>\n<li>DID\u00c1CTICA DE LA EDUCACI\u00d3N.<\/li>\n<li>DISE\u00d1O Y EVALUACI\u00d3N CURRICULAR.<\/li>\n<\/ul>\n<p>[\/vc_column_text][\/vc_column][vc_column width=&#8221;1\/3&#8243;]<div class=\"aio-icon-component    style_2\"><div id=\"Info-box-wrap-2259\" class=\"aio-icon-box default-icon\" style=\"\"  ><div class=\"aio-icon-default\"><div class=\"ult-just-icon-wrapper  \"><div class=\"align-icon\" style=\"text-align:center;\">\n<div class=\"aio-icon-img \" style=\"font-size:48px;display:inline-block;\" data-animation=\"fadeInUp\" data-animation-delay=\"03\">\n\t<img decoding=\"async\" class=\"img-icon\" alt=\"null\" src=\"https:\/\/www.valledecastano.edu.mx\/wp\/wp-content\/uploads\/2023\/02\/ico01-hover.png\"\/>\n<\/div><\/div><\/div><\/div><div class=\"aio-icon-header\" ><h3 class=\"aio-icon-title ult-responsive\"  data-ultimate-target='#Info-box-wrap-2259 .aio-icon-title'  data-responsive-json-new='{\"font-size\":\"\",\"line-height\":\"\"}'  style=\"font-weight:bold;color:#6b28ba;\">TERCER TETRAMESTRE<\/h3><\/div> <!-- header --><\/div> <!-- aio-icon-box --><\/div> <!-- aio-icon-component -->[vc_column_text css=&#8221;&#8221;]<\/p>\n<ul>\n<li>ADMINISTRACI\u00d3N EDUCATIVA.<\/li>\n<li>TECNOLOG\u00cdA E INNOVACI\u00d3N EDUCATIVA.<\/li>\n<\/ul>\n<p>[\/vc_column_text][\/vc_column][\/vc_row][vc_row][vc_column width=&#8221;1\/3&#8243;]<div class=\"aio-icon-component    style_2\"><div id=\"Info-box-wrap-9663\" class=\"aio-icon-box default-icon\" style=\"\"  ><div class=\"aio-icon-default\"><div class=\"ult-just-icon-wrapper  \"><div class=\"align-icon\" style=\"text-align:center;\">\n<div class=\"aio-icon-img \" style=\"font-size:48px;display:inline-block;\" data-animation=\"fadeInUp\" data-animation-delay=\"03\">\n\t<img decoding=\"async\" class=\"img-icon\" alt=\"null\" src=\"https:\/\/www.valledecastano.edu.mx\/wp\/wp-content\/uploads\/2023\/02\/ico01-hover.png\"\/>\n<\/div><\/div><\/div><\/div><div class=\"aio-icon-header\" ><h3 class=\"aio-icon-title ult-responsive\"  data-ultimate-target='#Info-box-wrap-9663 .aio-icon-title'  data-responsive-json-new='{\"font-size\":\"\",\"line-height\":\"\"}'  style=\"font-weight:bold;color:#6b28ba;\">CUARTO TETRAMESTRE<\/h3><\/div> <!-- header --><\/div> <!-- aio-icon-box --><\/div> <!-- aio-icon-component -->[vc_column_text css=&#8221;&#8221;]<\/p>\n<ul>\n<li>ESTAD\u00cdSTICA EDUCATIVA.<\/li>\n<li>SISTEMAS EDUCATIVOS.<\/li>\n<\/ul>\n<p>[\/vc_column_text][\/vc_column][vc_column width=&#8221;1\/3&#8243;]<div class=\"aio-icon-component    style_2\"><div id=\"Info-box-wrap-9179\" class=\"aio-icon-box default-icon\" style=\"\"  ><div class=\"aio-icon-default\"><div class=\"ult-just-icon-wrapper  \"><div class=\"align-icon\" style=\"text-align:center;\">\n<div class=\"aio-icon-img \" style=\"font-size:48px;display:inline-block;\" data-animation=\"fadeInUp\" data-animation-delay=\"03\">\n\t<img decoding=\"async\" class=\"img-icon\" alt=\"null\" src=\"https:\/\/www.valledecastano.edu.mx\/wp\/wp-content\/uploads\/2023\/02\/ico01-hover.png\"\/>\n<\/div><\/div><\/div><\/div><div class=\"aio-icon-header\" ><h3 class=\"aio-icon-title ult-responsive\"  data-ultimate-target='#Info-box-wrap-9179 .aio-icon-title'  data-responsive-json-new='{\"font-size\":\"\",\"line-height\":\"\"}'  style=\"font-weight:bold;color:#6b28ba;\">QUINTO TETRAMESTRE<\/h3><\/div> <!-- header --><\/div> <!-- aio-icon-box --><\/div> <!-- aio-icon-component -->[vc_column_text css=&#8221;&#8221;]<\/p>\n<ul>\n<li>INVESTIGACI\u00d3N EDUCATIVA.<\/li>\n<li>LIDERAZGO EDUCATIVO Y DIRECCI\u00d3N ESCOLAR.<\/li>\n<\/ul>\n<p>[\/vc_column_text][\/vc_column][vc_column width=&#8221;1\/3&#8243;]<div class=\"aio-icon-component    style_2\"><div id=\"Info-box-wrap-2452\" class=\"aio-icon-box default-icon\" style=\"\"  ><div class=\"aio-icon-default\"><div class=\"ult-just-icon-wrapper  \"><div class=\"align-icon\" style=\"text-align:center;\">\n<div class=\"aio-icon-img \" style=\"font-size:48px;display:inline-block;\" data-animation=\"fadeInUp\" data-animation-delay=\"03\">\n\t<img decoding=\"async\" class=\"img-icon\" alt=\"null\" src=\"https:\/\/www.valledecastano.edu.mx\/wp\/wp-content\/uploads\/2023\/02\/ico01-hover.png\"\/>\n<\/div><\/div><\/div><\/div><div class=\"aio-icon-header\" ><h3 class=\"aio-icon-title ult-responsive\"  data-ultimate-target='#Info-box-wrap-2452 .aio-icon-title'  data-responsive-json-new='{\"font-size\":\"\",\"line-height\":\"\"}'  style=\"font-weight:bold;color:#6b28ba;\">SEXTO TETRAMESTRE<\/h3><\/div> <!-- header --><\/div> <!-- aio-icon-box --><\/div> <!-- aio-icon-component -->[vc_column_text css=&#8221;&#8221;]<\/p>\n<ul>\n<li>INVESTIGACI\u00d3N-ACCI\u00d3N.<\/li>\n<li>\u00c9TICA Y VALORES EN LA EDUCACI\u00d3N.<\/li>\n<\/ul>\n<p>[\/vc_column_text][\/vc_column][\/vc_row][vc_row][vc_column el_class=&#8221;rs_col_no_btm_space&#8221;]<div class='dt-sc-hr-invisible-small '> <\/div>[\/vc_column][\/vc_row][vc_row full_width=&#8221;stretch_row_content_no_spaces&#8221; equal_height=&#8221;yes&#8221; content_placement=&#8221;middle&#8221; css_animation=&#8221;fadeInUp&#8221; el_class=&#8221;vcr_float_right&#8221;][vc_column width=&#8221;1\/2&#8243;]<img loading=\"lazy\" decoding=\"async\" width=\"739\" height=\"445\" src=\"https:\/\/www.valledecastano.edu.mx\/wp\/wp-content\/uploads\/2023\/02\/requisitos-1.jpg\" class=\"alignright attachment-full\" alt=\"\" title=\"requisitos\" srcset=\"https:\/\/www.valledecastano.edu.mx\/wp\/wp-content\/uploads\/2023\/02\/requisitos-1.jpg 739w, https:\/\/www.valledecastano.edu.mx\/wp\/wp-content\/uploads\/2023\/02\/requisitos-1-300x181.jpg 300w\" sizes=\"auto, (max-width: 739px) 100vw, 739px\" \/>[\/vc_column][vc_column width=&#8221;1\/2&#8243; css=&#8221;.vc_custom_1483418966721{padding-top: 30px !important;padding-right: 30px !important;padding-bottom: 30px !important;padding-left: 30px !important;background-color: rgba(0,0,0,0.03) !important;*background-color: rgb(0,0,0) !important;}&#8221; addstyles=&#8221;min-height: 445px; height: 445px;&#8221; el_class=&#8221;vc_min_height_right&#8221;]<div class='dt-sc-icon-heading alignleft  no-icon'><div class=\"icon-content\"><h2><strong>REQUISITOS<\/strong><\/h2><\/div><\/div><div class=\"ult-spacer spacer-69e00c8bbc7c3\" data-id=\"69e00c8bbc7c3\" data-height=\"50\" data-height-mobile=\"30\" data-height-tab=\"50\" data-height-tab-portrait=\"50\" data-height-mobile-landscape=\"30\" style=\"clear:both;display:block;\"><\/div>[vc_column_text css=&#8221;.vc_custom_1677267988874{margin-bottom: 0px !important;}&#8221;]\u2022 Acta de nacimiento (original y copia)<br \/>\n\u2022 Certi\ufb01cado de preparatoria (original y copia)<br \/>\n\u2022 CURP (copia)<br \/>\n\u2022 Copia de INE (si es mayor de edad, o del tutor)<br \/>\n\u2022 Copia de comprobante de domicilio<br \/>\n\u2022 8 fotograf\u00edas blanco y negro tama\u00f1o credencial en papel mate (4.5 x 3.5 cm)<br \/>\n\u2022 NOTA: No se aceptan fotograf\u00edas instant\u00e1neas.[\/vc_column_text][\/vc_column][\/vc_row][vc_row][vc_column][\/vc_column][\/vc_row]<\/p>\n<\/div>","protected":false},"excerpt":{"rendered":"<p>[vc_row][vc_column][vc_single_image image=&#8221;11927&#8243; img_size=&#8221;full&#8221; alignment=&#8221;center&#8221; css=&#8221;&#8221;][\/vc_column][\/vc_row][vc_row full_width=&#8221;stretch_row&#8221; parallax=&#8221;content-moving&#8221; parallax_image=&#8221;11412&#8243; css_animation=&#8221;fadeInUp&#8221; css=&#8221;.vc_custom_1677522027036{margin-bottom: 10% !important;padding-top: 72px !important;padding-bottom: 40px !important;}&#8221; el_class=&#8221;dt-sc-dark-bg aligncenter0 dt-sc-skin-color&#8221;][vc_column][\/vc_column][\/vc_row][vc_row][vc_column][vc_custom_heading text=&#8221;PLAN DE ESTUDIOS&#8221; font_container=&#8221;tag:h2|font_size:40|text_align:left&#8221; use_theme_fonts=&#8221;yes&#8221;][\/vc_column][\/vc_row][vc_row][vc_column width=&#8221;1\/3&#8243;][vc_column_text css=&#8221;&#8221;] FUNDAMENTOS FILOS\u00d3FICOS Y SOCIOL\u00d3GICOS DE LA EDUCACI\u00d3N. PSICOLOG\u00cdA DEL APREND\u00cdZAJE. [\/vc_column_text][\/vc_column][vc_column width=&#8221;1\/3&#8243;][vc_column_text css=&#8221;&#8221;] DID\u00c1CTICA DE LA EDUCACI\u00d3N. DISE\u00d1O Y EVALUACI\u00d3N CURRICULAR. [\/vc_column_text][\/vc_column][vc_column width=&#8221;1\/3&#8243;][vc_column_text css=&#8221;&#8221;] ADMINISTRACI\u00d3N EDUCATIVA. TECNOLOG\u00cdA E INNOVACI\u00d3N [&hellip;]<\/p>\n","protected":false},"author":1,"featured_media":0,"parent":0,"menu_order":0,"comment_status":"closed","ping_status":"closed","template":"","meta":{"footnotes":""},"class_list":["post-11809","page","type-page","status-publish","hentry"],"_links":{"self":[{"href":"https:\/\/www.valledecastano.edu.mx\/wp\/wp-json\/wp\/v2\/pages\/11809","targetHints":{"allow":["GET"]}}],"collection":[{"href":"https:\/\/www.valledecastano.edu.mx\/wp\/wp-json\/wp\/v2\/pages"}],"about":[{"href":"https:\/\/www.valledecastano.edu.mx\/wp\/wp-json\/wp\/v2\/types\/page"}],"author":[{"embeddable":true,"href":"https:\/\/www.valledecastano.edu.mx\/wp\/wp-json\/wp\/v2\/users\/1"}],"replies":[{"embeddable":true,"href":"https:\/\/www.valledecastano.edu.mx\/wp\/wp-json\/wp\/v2\/comments?post=11809"}],"version-history":[{"count":8,"href":"https:\/\/www.valledecastano.edu.mx\/wp\/wp-json\/wp\/v2\/pages\/11809\/revisions"}],"predecessor-version":[{"id":12236,"href":"https:\/\/www.valledecastano.edu.mx\/wp\/wp-json\/wp\/v2\/pages\/11809\/revisions\/12236"}],"wp:attachment":[{"href":"https:\/\/www.valledecastano.edu.mx\/wp\/wp-json\/wp\/v2\/media?parent=11809"}],"curies":[{"name":"wp","href":"https:\/\/api.w.org\/{rel}","templated":true}]}}